{"id":9,"date":"2020-10-27T05:02:39","date_gmt":"2020-10-27T05:02:39","guid":{"rendered":"http:\/\/seodo.themezinho.net\/?page_id=9"},"modified":"2022-06-27T00:22:14","modified_gmt":"2022-06-26T21:22:14","slug":"what-we-offer","status":"publish","type":"page","link":"https:\/\/analizsera.com\/","title":{"rendered":"Home"},"content":{"rendered":"<p>[vc_row motts_theme_padding=&#8221;no&#8221; css=&#8221;.vc_custom_1603778328251{margin-right: 0px !important;margin-left: 0px !important;}&#8221;][vc_column css=&#8221;.vc_custom_1603778320534{padding-right: 0px !important;padding-left: 0px !important;}&#8221;][ts_hero_slider hero_slider=&#8221;47&#8243;][\/vc_column][\/vc_row][vc_row content_placement=&#8221;middle&#8221; motts_theme_padding=&#8221;no&#8221; use_container=&#8221;yes&#8221; css=&#8221;.vc_custom_1603961915955{padding-top: 100px !important;}&#8221;][vc_column offset=&#8221;vc_col-md-6&#8243;][ts_side_content display_button=&#8221;show&#8221; button_label=&#8221;H\u0130ZMETLER\u0130M\u0130Z&#8221; button_url=&#8221;\/index.php\/explore-farming\/&#8221; tagline=&#8221;Welcome&#8221; title=&#8221;Agricultural seed market, whilst our farm traders&#8221; description=&#8221;Wild flowers , plants and fungi are the life support for all our wildlife and their colour and character light up our landscapes. But without our help , this priceless natural heritage is in danger of being lost.&#8221; side_content=&#8221;<\/p>\n<h2>Welcome<\/h2>\n<h6>Agricultural seed market, whilst our farm traders<\/h6>\n<p>Wild flowers , plants and fungi are the life support for all our wildlife and their colour and character light up our landscapes. But without our help , this priceless natural heritage is in danger of being lost.&#8221;]<\/p>\n<h2>Toprak Analizi<\/h2>\n<h6>5 dakikada Toprak Analizi i\u015flemleri<\/h6>\n<p>Maliyetlerinizi % 30 d\u00fc\u015f\u00fcr\u00fcp y\u00fcksek kazan\u00e7 elde edebilirsiniz.[\/ts_side_content][\/vc_column][vc_column offset=&#8221;vc_col-md-6&#8243;][ts_side_slider display_notebox=&#8221;show&#8221; notebox=&#8221;H\u0131zl\u0131 Toprak Analizi&#8221; details=&#8221;%5B%7B%22image%22%3A%2259%22%2C%22title%22%3A%22Image%22%7D%2C%7B%22image%22%3A%2260%22%2C%22title%22%3A%22Image%22%7D%2C%7B%22image%22%3A%2261%22%2C%22title%22%3A%22Image%22%7D%5D&#8221;][\/vc_column][\/vc_row][vc_row use_container=&#8221;yes&#8221;][vc_column width=&#8221;1\/3&#8243;][ts_image_content_box image=&#8221;512&#8243; title=&#8221;Dijital Toprak Analizi&#8221; description=&#8221;Topra\u011f\u0131n\u0131zdaki azot, fosfor, potasyum organik madde, pH dahil 9 farkl\u0131 de\u011feri 5 dakikada \u00f6\u011frenebilirsiniz&#8221; url=&#8221;\/index.php\/explore-farming\/&#8221;][\/vc_column][vc_column width=&#8221;1\/3&#8243;][ts_image_content_box image=&#8221;532&#8243; title=&#8221;Uzaktan Takip Sistemi&#8221; description=&#8221;Tar\u0131msal sens\u00f6r istasyonlar\u0131 ile tarladan gelen saatlik veriler ile etkin do\u011fru sulama ve ila\u00e7lama karar\u0131 al\u0131n.&#8221; url=&#8221;\/index.php\/explore-farming\/&#8221;][\/vc_column][vc_column width=&#8221;1\/3&#8243;][ts_image_content_box image=&#8221;513&#8243; title=&#8221;Analiz \u0130\u00e7in Aray\u0131n\u0131z&#8221; description=&#8221;Toprak analizi i\u00e7in bizi araman\u0131z yeterli. Saha Ekibi arkada\u015flar\u0131m\u0131zla tarlan\u0131zda topra\u011f\u0131n\u0131zla ilgili her \u015feyi \u00f6\u011frenme f\u0131rsat\u0131 sunuyoruz&#8221; url=&#8221;\/index.php\/explore-farming\/&#8221;][\/vc_column][\/vc_row][vc_row section_background_color=&#8221;#fbf7f4&#8243; css=&#8221;.vc_custom_1603784410116{margin-right: 0px !important;margin-left: 0px !important;}&#8221;][vc_column css=&#8221;.vc_custom_1603784416352{padding-right: 0px !important;padding-left: 0px !important;}&#8221;][vc_row_inner wrap_container=&#8221;yes&#8221;][vc_column_inner][ts_section_title tagline=&#8221;S\u0131k\u00e7a Sorulan Sorular&#8221; title=&#8221;Bilgi Bankas\u0131&#8221;][vc_toggle title=&#8221;1- Toprak Analizi\u2019nin \u00d6nemi&#8221;]<\/p>\n<div>Toprak analizi bir tarla topra\u011f\u0131nda bulunan bitki besin elementi d\u00fczeylerini ve o toprakta yeti\u015ftirilecek bitkinin ihtiyac\u0131 olan g\u00fcbrenin miktar ve cinsini belirlememizi sa\u011flar.\u00d6zetle toprak analisi bir tarla topra\u011f\u0131n\u0131n g\u00fcbre ihtiyac\u0131n\u0131 ortaya koyan bilimsel bir y\u00f6ntemdir.Toprak analizi ayn\u0131 zamanda do\u011fru \u00fcr\u00fcn\u00fc do\u011fru topra\u011fa ekmek kaliteli ve y\u00fcksek verim alabilmek amac\u0131yla dengeli bir g\u00fcbreleme yap\u0131labilmesi ad\u0131na \u00e7ok \u00f6nemlidir. Yap\u0131lan analizler topra\u011f\u0131n g\u00fcbre gereksinimleri belirlenerek a\u015f\u0131r\u0131 g\u00fcbre kullan\u0131lmas\u0131n\u0131n \u00f6n\u00fcne ge\u00e7ilir.<\/div>\n<p>[\/vc_toggle][vc_toggle title=&#8221;2- Toprak \u00d6rneklerinin Do\u011fru Al\u0131nmas\u0131&#8221;]<\/p>\n<div>Dijital toprak analizi ile toprak numune al\u0131m\u0131 ve toprak analizi\u00a0\u00a0hemen\u00a0hemen\u00a0her\u00a0mevsimde\u00a0ve\u00a0bitki\u00a0yeti\u015ftiricili\u011finin\u00a0her\u00a0d\u00f6neminde\u00a0yap\u0131labilmektedir.Dijital\u00a0toprak\u00a0analizi\u00a0ile\u00a0an\u0131nda\u00a0k\u0131sa\u00a0s\u00fcrede\u00a0analiz\u00a0yap\u0131lmas\u0131\u00a0analiz\u00a0sonucunun\u00a0do\u011fruluk\u00a0\u00f6nemini\u00a0artt\u0131rmaktad\u0131r.\u00a0Baz\u0131\u00a0istisnalar\u00a0d\u0131\u015f\u0131nda\u00a0topraktaki\u00a0elementler\u00a0yava\u015f\u00a0h\u0131zda\u00a0de\u011fi\u015fir.\u00a0Numune\u00a0olarak\u00a0a\u011fac\u0131n\u00a0veya\u00a0tek\u00a0y\u0131ll\u0131k\u00a0bitkilerin\u00a0k\u00f6k\u00fcke\u00a0yak\u0131n\u00a0ortamlardan\u00a0al\u0131nmas\u0131\u00a0\u00f6nemlidir.\u00a0Bu\u00a0a\u011fa\u00e7larda ta\u00e7 iz d\u00fc\u015f\u00fcm\u00fcnden 30-60-90 cm derinliklerden ve farkl\u0131 alanlardan ,\u00a0\u00a0tek y\u0131ll\u0131k bitlkilerde 30cm\u00a0derinlikten\u00a0ve\u00a0farkl\u0131\u00a0alanlardan\u00a0numune\u00a0al\u0131nmal\u0131d\u0131r.<\/div>\n<p>[\/vc_toggle][vc_toggle title=&#8221;3- Organik Maddenin \u00d6nemi&#8221;]<\/p>\n<div>Organik maddeler bitki besin maddesi kayna\u011f\u0131d\u0131r. \u00c7e\u015fitli\u00a0zamanlarda\u00a0topraklara\u00a0verilen\u00a0kimyevi\u00a0g\u00fcbrelerin\u00a0amac\u0131\u00a0k\u0131sa\u00a0vadede\u00a0sadece\u00a0bitkileri\u00a0beslemektir.\u00a0Topraktaki\u00a0canl\u0131lar\u00a0(mikroorganizmalar)\u00a0a\u00e7\u0131s\u0131ndan\u00a0\u00f6nemi\u00a0yoktur.\u00a0S\u00fcrekli\u00a0suni\u00a0g\u00fcbreler\u00a0ile\u00a0\u00fcretim\u00a0yapmak\u00a0s\u00fcrd\u00fcr\u00fclebilir\u00a0tar\u0131m\u00a0a\u00e7\u0131s\u0131nda\u00a0m\u00fcmk\u00fcn\u00a0de\u011fildir.<\/div>\n<p>[\/vc_toggle][vc_toggle title=&#8221;4- Toprak PH De\u011ferinin \u00d6nemi&#8221;]<\/p>\n<div>Toprak pH de\u011feri topra\u011f\u0131n fiziksel, kimyasal, mikrobiyolojik \u00f6zellikleri\u00a0\u00fczerinde\u00a0etkilidir.\u00a0Bu\u00a0nedenle\u00a0bitkisel\u00a0\u00fcretimde\u00a0g\u00fcbreleme\u00a0y\u00f6n\u00fcnden\u00a0birim\u00a0alandan\u00a0y\u00fcksek verim ve kaliteli \u00fcr\u00fcn elde etmek i\u00e7in bitkinin k\u0131lcal k\u00f6k b\u00f6lgesindeki toprak tabakas\u0131n\u0131n pH de\u011ferinin\u00a0bitkinin\u00a0en\u00a0iyi\u00a0geli\u015fti\u011fi\u00a0pH\u00a0de\u011ferinde\u00a0olmas\u0131\u00a0gerekir.\u00a0En\u00a0uygun\u00a0bitki\u00a0b\u00fcy\u00fcmesi\u00a0i\u00e7in\u00a0arzu\u00a0edilen\u00a0pH\u00a0aral\u0131\u011f\u0131\u00a0\u00fcr\u00fcnlere\u00a0g\u00f6re\u00a0de\u011fi\u015fir.\u00a0Baz\u0131\u00a0\u00fcr\u00fcnler\u00a0en\u00a0iyi\u00a06.\u00a00\u00a0ila\u00a07.0\u00a0aral\u0131\u011f\u0131nda\u00a0b\u00fcy\u00fcrken,\u00a0di\u011ferleri\u00a0hafif\u00a0asidik\u00a0ko\u015fullar\u00a0alt\u0131nda\u00a0iyi\u00a0b\u00fcy\u00fcr.\u00a0Kire\u00e7\u00a0ihtiyac\u0131n\u0131\u00a0ve\u00a0kirece\u00a0tepkiyi\u00a0etkileyen toprak \u00f6zellikleri b\u00f6lgelere g\u00f6re de\u011fi\u015fir.<\/div>\n<p>[\/vc_toggle][vc_toggle title=&#8221;5- Bitki Beslemenin \u00d6nemi&#8221;]<\/p>\n<div>Bitkiler, bah\u00e7eler ve \u00e7imler i\u00e7in iyi bir g\u00fcbrenin \u00f6neminin hepimiz\u00a0bilincindeyiz. T\u0131pk\u0131 hayvanlarda ve insanlarda oldu\u011fu gibi, bitkilerin de ellerinden gelenin en iyisini yapabilmeleri\u00a0i\u00e7in\u00a0do\u011fru\u00a0\u201cbeslenmeleri\u201d\u00a0gerekir.\u00a0\u00c7o\u011fu\u00a0insan,\u00a0t\u00fcm\u00a0g\u00fcbre\u00a0po\u015fetlerinde\u00a0yaz\u0131l\u0131\u00a0olan\u00a0\u201cN\u2013 P \u2013 K\u201d numaralar\u0131n\u0131n fark\u0131ndad\u0131r. Bunlar, bask\u0131 s\u0131ras\u0131na g\u00f6re, s\u00f6z konusu g\u00fcbrede bulunan (N)\u00a0 nitrojen\u00a0(azot),\u00a0(P)\u00a0fosfor\u00a0ve\u00a0(K)\u00a0potasyum\u00a0y\u00fczdelerini\u00a0temsil\u00a0eder.\u00a0\u00d6rne\u011fin,\u00a010-10-10\u00a0g\u00fcbre\u00a0%\u00a010\u00a0azot,\u00a0%\u00a010\u00a0fosfor\u00a0ve\u00a0%\u00a010\u00a0potasyumdur.\u00a0Buna\u00a0ilave\u00a0olarak\u00a0Kalsiyum\u00a0,\u00a0Magnezyum\u00a0,\u00a0Molibden\u00a0,\u00a0Mangan\u00a0,\u00a0K\u00fck\u00fcrt\u00a0,\u00a0Demir\u00a0,\u00a0\u00c7inko\u00a0,Bor\u00a0,\u00a0Bak\u0131r\u00a0di\u011fer\u00a0bitki\u00a0besin\u00a0elementleridir.\u00a0Topra\u011f\u0131n\u00a0t\u00fcm\u00a0bu<\/div>\n<div>elementlere\u00a0sahip\u00a0olmas\u0131\u00a0,\u00a0bitkiden\u00a0maksimum\u00a0verim\u00a0almam\u0131z\u00a0i\u00e7in\u00a0gereklidir.<\/div>\n<p>[\/vc_toggle][\/vc_column_inner][\/vc_row_inner][\/vc_column][\/vc_row][vc_row motts_theme_padding=&#8221;no&#8221; use_container=&#8221;yes&#8221; css=&#8221;.vc_custom_1603784920571{padding-top: 100px !important;}&#8221; section_background_image=&#8221;102&#8243;][vc_column][vc_row_inner][vc_column_inner width=&#8221;3\/4&#8243; offset=&#8221;vc_col-md-6&#8243;][ts_service_list_box tagline=&#8221;NELER YAPARIZ&#8221; title=&#8221;Toprak Analizi&#8221; details=&#8221;%5B%7B%22image%22%3A%22112%22%2C%22title%22%3A%22H%C4%B1zl%C4%B1%22%2C%22description%22%3A%225%20dakikada%209%20farkl%C4%B1%20element%20%C3%BCzerinden%20toprak%20analizi%22%7D%2C%7B%22image%22%3A%22114%22%2C%22title%22%3A%22Do%C4%9Fru%22%2C%22description%22%3A%22%2598%20do%C4%9Fruluk%20pay%C4%B1%20ile%20analiz%22%7D%2C%7B%22image%22%3A%22115%22%2C%22title%22%3A%22Karl%C4%B1%22%2C%22description%22%3A%22Toprak%20analizi%20ile%20gereksiz%20g%C3%BCbre%20t%C3%BCketimi%20yapmaz%20%25%2030%20tasarruf%20sa%C4%9Flars%C4%B1n%C4%B1z%22%7D%5D&#8221;][\/vc_column_inner][\/vc_row_inner][\/vc_column][\/vc_row][vc_row motts_theme_padding=&#8221;no&#8221; use_container=&#8221;yes&#8221; css=&#8221;.vc_custom_1603786590679{padding-bottom: 100px !important;}&#8221;][vc_column][vc_row_inner][vc_column_inner][ts_section_title title=&#8221;Analiz Sera Bilgilendirme&#8221;][\/vc_column_inner][\/vc_row_inner][vc_row_inner][vc_column_inner width=&#8221;1\/2&#8243; offset=&#8221;vc_col-md-4&#8243;][ts_icon_box icon=&#8221;106&#8243; description=&#8221;We are straight forward to deal with experts in our field.&#8221;]Toprak Analizi ne kadar s\u00fcrede tamamlan\u0131r ? 5 Dakika.[\/ts_icon_box][\/vc_column_inner][vc_column_inner width=&#8221;1\/2&#8243; offset=&#8221;vc_col-md-4&#8243;][ts_icon_box icon=&#8221;107&#8243; description=&#8221;We take responsible lending seriously and believe.&#8221;]Tarlada uzaktan takip m\u00fcmk\u00fcn m\u00fc? Tar\u0131msal Sens\u00f6r istasyonlar\u0131yla.[\/ts_icon_box][\/vc_column_inner][vc_column_inner width=&#8221;1\/2&#8243; offset=&#8221;vc_col-md-4&#8243;][ts_icon_box icon=&#8221;108&#8243; description=&#8221;If we can\u2019t help you, we will tell you quickly and honestly.&#8221;]Do\u011fru g\u00fcbreleme nas\u0131l olmal\u0131 ? Dijital Toprak Analiziyle[\/ts_icon_box][\/vc_column_inner][vc_column_inner width=&#8221;1\/2&#8243; offset=&#8221;vc_col-md-4&#8243;][ts_icon_box icon=&#8221;109&#8243; description=&#8221;You can talk directly to a lending decision maker.&#8221;]En ucuz g\u00fcbre fiyatlar\u0131 ? En uygun g\u00fcbre fiyatlar\u0131 i\u00e7in aray\u0131n\u0131z[\/ts_icon_box][\/vc_column_inner][vc_column_inner width=&#8221;1\/2&#8243; offset=&#8221;vc_col-md-4&#8243;][ts_icon_box icon=&#8221;110&#8243; description=&#8221;We offer a no-nonsense app roach and speak farming.&#8221;]Zararl\u0131larla m\u00fccadele nas\u0131l olmal\u0131 ? Analiz Sera Tar\u0131m&#8217;a ula\u015fabilirsiniz.[\/ts_icon_box][\/vc_column_inner][vc_column_inner width=&#8221;1\/2&#8243; offset=&#8221;vc_col-md-4&#8243;][ts_icon_box icon=&#8221;111&#8243; description=&#8221;Loan officers have practical experience of building\/&#8221;]En ucuz zirai ila\u00e7 fiyatlar\u0131? En uygun fiyatlar i\u00e7in Analiz Sera&#8217;y\u0131 aray\u0131n\u0131z[\/ts_icon_box][\/vc_column_inner][\/vc_row_inner][\/vc_column][\/vc_row][vc_row use_container=&#8221;yes&#8221;][vc_column][\/vc_column][\/vc_row][vc_row use_container=&#8221;yes&#8221;][vc_column][vc_row_inner][vc_column_inner][ts_section_title tagline=&#8221;Partners&#8221; title=&#8221;\u00c7\u00f6z\u00fcm Ortaklar\u0131m\u0131z&#8221;][\/vc_column_inner][\/vc_row_inner][vc_row_inner][vc_column_inner width=&#8221;1\/6&#8243; offset=&#8221;vc_col-md-2 vc_col-xs-6&#8243;][\/vc_column_inner][vc_column_inner width=&#8221;1\/6&#8243; offset=&#8221;vc_col-md-2 vc_col-xs-6&#8243;][ts_logo_item image=&#8221;576&#8243; alt_tag=&#8221;Image&#8221;][\/vc_column_inner][vc_column_inner width=&#8221;1\/6&#8243; offset=&#8221;vc_col-md-2 vc_col-xs-6&#8243;][ts_logo_item image=&#8221;575&#8243; alt_tag=&#8221;Image&#8221;][\/vc_column_inner][vc_column_inner width=&#8221;1\/6&#8243; offset=&#8221;vc_col-md-2 vc_col-xs-6&#8243;][ts_logo_item image=&#8221;574&#8243; alt_tag=&#8221;Image&#8221;][\/vc_column_inner][vc_column_inner width=&#8221;1\/6&#8243;][ts_logo_item image=&#8221;582&#8243; alt_tag=&#8221;Image&#8221;][\/vc_column_inner][vc_column_inner width=&#8221;1\/6&#8243;][\/vc_column_inner][\/vc_row_inner][\/vc_column][\/vc_row]<\/p>\n","protected":false},"excerpt":{"rendered":"<p>[vc_row motts_theme_padding=&#8221;no&#8221; css=&#8221;.vc_custom_1603778328251{margin-right: 0px !important;margin-left: 0px !important;}&#8221;][vc_column css=&#8221;.vc_custom_1603778320534{padding-right: 0px !important;padding-left: 0px !important;}&#8221;][ts_hero_slider hero_slider=&#8221;47&#8243;][\/vc_column][\/vc_row][vc_row content_placement=&#8221;middle&#8221; motts_theme_padding=&#8221;no&#8221; use_container=&#8221;yes&#8221; css=&#8221;.vc_custom_1603961915955{padding-top: 100px !important;}&#8221;][vc_column offset=&#8221;vc_col-md-6&#8243;][ts_side_content display_button=&#8221;show&#8221; button_label=&#8221;H\u0130ZMETLER\u0130M\u0130Z&#8221; button_url=&#8221;\/index.php\/explore-farming\/&#8221; tagline=&#8221;Welcome&#8221; title=&#8221;Agricultural seed market, whilst our farm traders&#8221; description=&#8221;Wild flowers , plants and fungi are the life support for all our wildlife and their colour and character light up our landscapes. But [&hellip;]<\/p>\n","protected":false},"author":1,"featured_media":0,"parent":0,"menu_order":0,"comment_status":"closed","ping_status":"closed","template":"page-builder.php","meta":{"footnotes":""},"class_list":["post-9","page","type-page","status-publish","hentry"],"_links":{"self":[{"href":"https:\/\/analizsera.com\/index.php\/wp-json\/wp\/v2\/pages\/9","targetHints":{"allow":["GET"]}}],"collection":[{"href":"https:\/\/analizsera.com\/index.php\/wp-json\/wp\/v2\/pages"}],"about":[{"href":"https:\/\/analizsera.com\/index.php\/wp-json\/wp\/v2\/types\/page"}],"author":[{"embeddable":true,"href":"https:\/\/analizsera.com\/index.php\/wp-json\/wp\/v2\/users\/1"}],"replies":[{"embeddable":true,"href":"https:\/\/analizsera.com\/index.php\/wp-json\/wp\/v2\/comments?post=9"}],"version-history":[{"count":35,"href":"https:\/\/analizsera.com\/index.php\/wp-json\/wp\/v2\/pages\/9\/revisions"}],"predecessor-version":[{"id":584,"href":"https:\/\/analizsera.com\/index.php\/wp-json\/wp\/v2\/pages\/9\/revisions\/584"}],"wp:attachment":[{"href":"https:\/\/analizsera.com\/index.php\/wp-json\/wp\/v2\/media?parent=9"}],"curies":[{"name":"wp","href":"https:\/\/api.w.org\/{rel}","templated":true}]}}