{"id":26,"date":"2020-10-27T05:05:37","date_gmt":"2020-10-27T05:05:37","guid":{"rendered":"http:\/\/seodo.themezinho.net\/?page_id=26"},"modified":"2022-06-27T13:18:17","modified_gmt":"2022-06-27T10:18:17","slug":"contact","status":"publish","type":"page","link":"https:\/\/analizsera.com\/index.php\/contact\/","title":{"rendered":"\u0130leti\u015fim"},"content":{"rendered":"<p>[vc_row use_container=&#8221;yes&#8221;][vc_column][ts_section_title tagline=&#8221;Ula\u015f\u0131m\/\u0130leti\u015fim&#8221; title=&#8221;\u0130leti\u015fim Bilgileri&#8221;][vc_row_inner][vc_column_inner offset=&#8221;vc_col-md-6&#8243;]<div role=\"form\" class=\"wpcf7\" id=\"wpcf7-f204-o1\" lang=\"en-US\" dir=\"ltr\">\n<div class=\"screen-reader-response\"><p role=\"status\" aria-live=\"polite\" aria-atomic=\"true\"><\/p> <ul><\/ul><\/div>\n<form action=\"\/index.php\/wp-json\/wp\/v2\/pages\/26#wpcf7-f204-o1\" method=\"post\" class=\"wpcf7-form init\" novalidate=\"novalidate\" data-status=\"init\">\n<div style=\"display: none;\">\n<input type=\"hidden\" name=\"_wpcf7\" value=\"204\" \/>\n<input type=\"hidden\" name=\"_wpcf7_version\" value=\"5.6\" \/>\n<input type=\"hidden\" name=\"_wpcf7_locale\" value=\"en_US\" \/>\n<input type=\"hidden\" name=\"_wpcf7_unit_tag\" value=\"wpcf7-f204-o1\" \/>\n<input type=\"hidden\" name=\"_wpcf7_container_post\" value=\"0\" \/>\n<input type=\"hidden\" name=\"_wpcf7_posted_data_hash\" value=\"\" \/>\n<\/div>\n<div class=\"contact-form\">\n<div class=\"form-group\">\n\t\t\t\t<input type=\"text\" placeholder=\"Ad\u0131n\u0131z\">\n\t\t\t<\/div>\n<div class=\"form-group\">\n\t\t\t\t<input type=\"text\" placeholder=\"E-mail Adresi\">\n\t\t\t<\/div>\n<div class=\"form-group\">\n\t\t\t\t<input type=\"text\" placeholder=\"Ba\u015fl\u0131k\">\n\t\t\t<\/div>\n<div class=\"form-group\">\n\t\t\t\t<textarea placeholder=\"Mesaj\u0131n\u0131z\"><\/textarea>\n\t\t\t<\/div>\n<div class=\"form-group\">\n\t\t\t<input type=\"submit\" value=\"G\u00d6NDER\">\n\t\t\t<\/div>\n<\/div>\n<div class=\"wpcf7-response-output\" aria-hidden=\"true\"><\/div><\/form><\/div>[\/vc_column_inner][vc_column_inner offset=&#8221;vc_col-md-6&#8243;][ts_contact_box icon=&#8221;206&#8243; title=&#8221;Telefon&#8221; contact=&#8221;+90 242 339 3207<br \/>\n+90 533 618 1881<br \/>\n+90 530 322 1986&#8243;][ts_contact_box icon=&#8221;207&#8243; title=&#8221;Email&#8221; contact=&#8221;info@analizsera.com&#8221;][ts_contact_box icon=&#8221;208&#8243; title=&#8221;Adres&#8221; contact=&#8221;G\u00fcne\u015f mahallesi Alt\u0131nova Bulvar\u0131 Toptanc\u0131 hali no:5\/409 Kepez Antalya&#8221;][\/vc_column_inner][\/vc_row_inner][\/vc_column][\/vc_row][vc_row motts_theme_padding=&#8221;no&#8221; css=&#8221;.vc_custom_1603818230001{margin-right: 0px !important;margin-left: 0px !important;}&#8221;][vc_column css=&#8221;.vc_custom_1603865812052{margin-top: -150px !important;padding-right: 0px !important;padding-left: 0px !important;}&#8221;][ts_google_maps iframe_url=&#8221;https:\/\/www.google.com\/maps\/embed?pb=!1m18!1m12!1m3!1d3189.6436077811973!2d30.742678214628842!3d36.92278470547149!2m3!1f0!2f0!3f0!3m2!1i1024!2i768!4f13.1!3m3!1m2!1s0x14c38509d739e6ad%3A0xa2fdfd2ee263a460!2zQW50YWx5YSBCw7x5w7xrIMWeZWhpciBCZWxlZGl5ZXNpIFRvcHRhbmPEsSBIYWwgTcO8ZMO8cmzDvMSfw7w!5e0!3m2!1str!2str!4v1656171542602!5m2!1str!2str&#8221; map_height=&#8221;520px&#8221;][\/vc_column][\/vc_row]<\/p>\n","protected":false},"excerpt":{"rendered":"<p>[vc_row use_container=&#8221;yes&#8221;][vc_column][ts_section_title tagline=&#8221;Ula\u015f\u0131m\/\u0130leti\u015fim&#8221; title=&#8221;\u0130leti\u015fim Bilgileri&#8221;][vc_row_inner][vc_column_inner offset=&#8221;vc_col-md-6&#8243;][\/vc_column_inner][vc_column_inner offset=&#8221;vc_col-md-6&#8243;][ts_contact_box icon=&#8221;206&#8243; title=&#8221;Telefon&#8221; contact=&#8221;+90 242 339 3207 +90 533 618 1881 +90 530 322 1986&#8243;][ts_contact_box icon=&#8221;207&#8243; title=&#8221;Email&#8221; contact=&#8221;info@analizsera.com&#8221;][ts_contact_box icon=&#8221;208&#8243; title=&#8221;Adres&#8221; contact=&#8221;G\u00fcne\u015f mahallesi Alt\u0131nova Bulvar\u0131 Toptanc\u0131 hali no:5\/409 Kepez Antalya&#8221;][\/vc_column_inner][\/vc_row_inner][\/vc_column][\/vc_row][vc_row motts_theme_padding=&#8221;no&#8221; css=&#8221;.vc_custom_1603818230001{margin-right: 0px !important;margin-left: 0px !important;}&#8221;][vc_column css=&#8221;.vc_custom_1603865812052{margin-top: -150px !important;padding-right: 0px !important;padding-left: 0px !important;}&#8221;][ts_google_maps iframe_url=&#8221;https:\/\/www.google.com\/maps\/embed?pb=!1m18!1m12!1m3!1d3189.6436077811973!2d30.742678214628842!3d36.92278470547149!2m3!1f0!2f0!3f0!3m2!1i1024!2i768!4f13.1!3m3!1m2!1s0x14c38509d739e6ad%3A0xa2fdfd2ee263a460!2zQW50YWx5YSBCw7x5w7xrIMWeZWhpciBCZWxlZGl5ZXNpIFRvcHRhbmPEsSBIYWwgTcO8ZMO8cmzDvMSfw7w!5e0!3m2!1str!2str!4v1656171542602!5m2!1str!2str&#8221; map_height=&#8221;520px&#8221;][\/vc_column][\/vc_row]<\/p>\n","protected":false},"author":1,"featured_media":0,"parent":0,"menu_order":0,"comment_status":"closed","ping_status":"closed","template":"page-builder.php","meta":{"footnotes":""},"class_list":["post-26","page","type-page","status-publish","hentry"],"_links":{"self":[{"href":"https:\/\/analizsera.com\/index.php\/wp-json\/wp\/v2\/pages\/26","targetHints":{"allow":["GET"]}}],"collection":[{"href":"https:\/\/analizsera.com\/index.php\/wp-json\/wp\/v2\/pages"}],"about":[{"href":"https:\/\/analizsera.com\/index.php\/wp-json\/wp\/v2\/types\/page"}],"author":[{"embeddable":true,"href":"https:\/\/analizsera.com\/index.php\/wp-json\/wp\/v2\/users\/1"}],"replies":[{"embeddable":true,"href":"https:\/\/analizsera.com\/index.php\/wp-json\/wp\/v2\/comments?post=26"}],"version-history":[{"count":6,"href":"https:\/\/analizsera.com\/index.php\/wp-json\/wp\/v2\/pages\/26\/revisions"}],"predecessor-version":[{"id":590,"href":"https:\/\/analizsera.com\/index.php\/wp-json\/wp\/v2\/pages\/26\/revisions\/590"}],"wp:attachment":[{"href":"https:\/\/analizsera.com\/index.php\/wp-json\/wp\/v2\/media?parent=26"}],"curies":[{"name":"wp","href":"https:\/\/api.w.org\/{rel}","templated":true}]}}