{"id":15,"date":"2020-10-27T05:03:42","date_gmt":"2020-10-27T02:03:42","guid":{"rendered":"http:\/\/seodo.themezinho.net\/?page_id=15"},"modified":"2022-06-27T13:15:18","modified_gmt":"2022-06-27T10:15:18","slug":"explore-farming","status":"publish","type":"page","link":"https:\/\/analizsera.com\/index.php\/explore-farming\/","title":{"rendered":"Hizmetlerimiz"},"content":{"rendered":"<p>[vc_row use_container=&#8221;yes&#8221;][vc_column][vc_row_inner][vc_column_inner width=&#8221;1\/2&#8243;][ts_image_content_box image=&#8221;578&#8243; title=&#8221;Dijital Toprak Analizi&#8221; description=&#8221;Topra\u011f\u0131n\u0131zdaki Azot ,Fosfor , Potasyum ,PH , Organik madde , Kil , Katyon De\u011fi\u015fim Kapasitesi , Toprak S\u0131cakl\u0131\u011f\u0131 dahil 9 farkl\u0131 de\u011ferin 5 dakikada istedi\u011finiz \u00fcretim d\u00f6neminde \u00f6\u011frenebilirsiniz.&#8221;][ts_image_content_box image=&#8221;580&#8243; title=&#8221;Toprak Analizi \u0130\u00e7in Araman\u0131z Yeterli&#8221; description=&#8221;Saha ekiplerimiz en k\u0131sa s\u00fcrede 5 dakikada sonu\u00e7lanan toprak analizi i\u00e7in ziyaretinize gelecek&#8221;][\/vc_column_inner][vc_column_inner width=&#8221;1\/2&#8243;][ts_image_content_box image=&#8221;579&#8243; title=&#8221;Uzaktan Takip Sistemi&#8221; description=&#8221;Tar\u0131msal sens\u00f6r istasyonlar\u0131 ile tarladan gelen saatlik veriler ile etkin do\u011fru sulama ve ila\u00e7lama karar\u0131 al\u0131n.<br \/>\nDijital b\u00f6cek tuza\u011f\u0131 ile tarla ve bah\u00e7enizdeki zararl\u0131 t\u00fcr\u00fcn\u00fc ve pop\u00fclasyon yo\u011funlu\u011funu uzaktan tespit edin.&#8221;][\/vc_column_inner][\/vc_row_inner][\/vc_column][\/vc_row]<\/p>\n","protected":false},"excerpt":{"rendered":"<p>[vc_row use_container=&#8221;yes&#8221;][vc_column][vc_row_inner][vc_column_inner width=&#8221;1\/2&#8243;][ts_image_content_box image=&#8221;578&#8243; title=&#8221;Dijital Toprak Analizi&#8221; description=&#8221;Topra\u011f\u0131n\u0131zdaki Azot ,Fosfor , Potasyum ,PH , Organik madde , Kil , Katyon De\u011fi\u015fim Kapasitesi , Toprak S\u0131cakl\u0131\u011f\u0131 dahil 9 farkl\u0131 de\u011ferin 5 dakikada istedi\u011finiz \u00fcretim d\u00f6neminde \u00f6\u011frenebilirsiniz.&#8221;][ts_image_content_box image=&#8221;580&#8243; title=&#8221;Toprak Analizi \u0130\u00e7in Araman\u0131z Yeterli&#8221; description=&#8221;Saha ekiplerimiz en k\u0131sa s\u00fcrede 5 dakikada sonu\u00e7lanan toprak analizi i\u00e7in ziyaretinize gelecek&#8221;][\/vc_column_inner][vc_column_inner width=&#8221;1\/2&#8243;][ts_image_content_box [&hellip;]<\/p>\n","protected":false},"author":1,"featured_media":0,"parent":0,"menu_order":0,"comment_status":"closed","ping_status":"closed","template":"page-builder.php","meta":{"footnotes":""},"class_list":["post-15","page","type-page","status-publish","hentry"],"_links":{"self":[{"href":"https:\/\/analizsera.com\/index.php\/wp-json\/wp\/v2\/pages\/15","targetHints":{"allow":["GET"]}}],"collection":[{"href":"https:\/\/analizsera.com\/index.php\/wp-json\/wp\/v2\/pages"}],"about":[{"href":"https:\/\/analizsera.com\/index.php\/wp-json\/wp\/v2\/types\/page"}],"author":[{"embeddable":true,"href":"https:\/\/analizsera.com\/index.php\/wp-json\/wp\/v2\/users\/1"}],"replies":[{"embeddable":true,"href":"https:\/\/analizsera.com\/index.php\/wp-json\/wp\/v2\/comments?post=15"}],"version-history":[{"count":11,"href":"https:\/\/analizsera.com\/index.php\/wp-json\/wp\/v2\/pages\/15\/revisions"}],"predecessor-version":[{"id":588,"href":"https:\/\/analizsera.com\/index.php\/wp-json\/wp\/v2\/pages\/15\/revisions\/588"}],"wp:attachment":[{"href":"https:\/\/analizsera.com\/index.php\/wp-json\/wp\/v2\/media?parent=15"}],"curies":[{"name":"wp","href":"https:\/\/api.w.org\/{rel}","templated":true}]}}