{"id":11,"date":"2020-10-27T05:02:56","date_gmt":"2020-10-27T05:02:56","guid":{"rendered":"http:\/\/seodo.themezinho.net\/?page_id=11"},"modified":"2022-06-27T13:16:03","modified_gmt":"2022-06-27T10:16:03","slug":"campaigns","status":"publish","type":"page","link":"https:\/\/analizsera.com\/index.php\/campaigns\/","title":{"rendered":"\u00dcr\u00fcnler"},"content":{"rendered":"<p>[vc_row use_container=&#8221;yes&#8221;][vc_column][vc_row_inner][vc_column_inner width=&#8221;1\/2&#8243;][ts_image_caption_box image=&#8221;557&#8243; alt=&#8221;Image&#8221; tagline=&#8221;G\u00fcbreler ve Elementler&#8221; title=&#8221;Bitki Besleme&#8221; description=&#8221;\u00dcst\u00fcn kalitede ve b\u00fct\u00e7enize uyan g\u00fcbre fiyatlar\u0131 i\u00e7in aray\u0131n\u0131z.&#8221;][\/vc_column_inner][vc_column_inner width=&#8221;1\/2&#8243;][ts_image_caption_box image=&#8221;559&#8243; alt=&#8221;Image&#8221; tagline=&#8221;Zirai \u0130la\u00e7lar&#8221; title=&#8221;Bitki Koruma&#8221; description=&#8221;Her markaya ait b\u00fct\u00e7enize uygun zirai ila\u00e7 fiyatlar\u0131 i\u00e7in aray\u0131n\u0131z.&#8221;][\/vc_column_inner][\/vc_row_inner][vc_row_inner][vc_column_inner width=&#8221;1\/2&#8243;][ts_image_caption_box image=&#8221;561&#8243; alt=&#8221;Image&#8221; tagline=&#8221;Sera Naylonu&#8221; title=&#8221;Plastik \u00d6rt\u00fcler ve Ekipmanlar\u0131&#8221; description=&#8221;\u0130thal ve yerli naylon fiyatlar\u0131 i\u00e7in aray\u0131n\u0131z&#8221;][\/vc_column_inner][vc_column_inner width=&#8221;1\/2&#8243;][ts_image_caption_box image=&#8221;563&#8243; alt=&#8221;Image&#8221; tagline=&#8221;Dijital Tar\u0131m Uygulamalar\u0131&#8221; title=&#8221;Dijital Tar\u0131m \u00dcr\u00fcnleri&#8221; description=&#8221;Dijital toprak analizi, dijital zararl\u0131 tuzaklar\u0131, uzaktan kontrol istasyonlar\u0131 fiyatlar\u0131 i\u00e7in aray\u0131n\u0131z.&#8221;][\/vc_column_inner][\/vc_row_inner][vc_row_inner][vc_column_inner width=&#8221;1\/2&#8243;][ts_image_caption_box image=&#8221;565&#8243; alt=&#8221;Image&#8221; tagline=&#8221;Hibrit Tohum&#8221; title=&#8221;Tohum&#8221; description=&#8221;\u0130thal ve yerli tohum fiyatlar\u0131 i\u00e7in aray\u0131n\u0131z.&#8221;][\/vc_column_inner][\/vc_row_inner][\/vc_column][\/vc_row]<\/p>\n","protected":false},"excerpt":{"rendered":"<p>[vc_row use_container=&#8221;yes&#8221;][vc_column][vc_row_inner][vc_column_inner width=&#8221;1\/2&#8243;][ts_image_caption_box image=&#8221;557&#8243; alt=&#8221;Image&#8221; tagline=&#8221;G\u00fcbreler ve Elementler&#8221; title=&#8221;Bitki Besleme&#8221; description=&#8221;\u00dcst\u00fcn kalitede ve b\u00fct\u00e7enize uyan g\u00fcbre fiyatlar\u0131 i\u00e7in aray\u0131n\u0131z.&#8221;][\/vc_column_inner][vc_column_inner width=&#8221;1\/2&#8243;][ts_image_caption_box image=&#8221;559&#8243; alt=&#8221;Image&#8221; tagline=&#8221;Zirai \u0130la\u00e7lar&#8221; title=&#8221;Bitki Koruma&#8221; description=&#8221;Her markaya ait b\u00fct\u00e7enize uygun zirai ila\u00e7 fiyatlar\u0131 i\u00e7in aray\u0131n\u0131z.&#8221;][\/vc_column_inner][\/vc_row_inner][vc_row_inner][vc_column_inner width=&#8221;1\/2&#8243;][ts_image_caption_box image=&#8221;561&#8243; alt=&#8221;Image&#8221; tagline=&#8221;Sera Naylonu&#8221; title=&#8221;Plastik \u00d6rt\u00fcler ve Ekipmanlar\u0131&#8221; description=&#8221;\u0130thal ve yerli naylon fiyatlar\u0131 i\u00e7in aray\u0131n\u0131z&#8221;][\/vc_column_inner][vc_column_inner width=&#8221;1\/2&#8243;][ts_image_caption_box image=&#8221;563&#8243; alt=&#8221;Image&#8221; [&hellip;]<\/p>\n","protected":false},"author":1,"featured_media":0,"parent":0,"menu_order":0,"comment_status":"closed","ping_status":"closed","template":"page-builder.php","meta":{"footnotes":""},"class_list":["post-11","page","type-page","status-publish","hentry"],"_links":{"self":[{"href":"https:\/\/analizsera.com\/index.php\/wp-json\/wp\/v2\/pages\/11","targetHints":{"allow":["GET"]}}],"collection":[{"href":"https:\/\/analizsera.com\/index.php\/wp-json\/wp\/v2\/pages"}],"about":[{"href":"https:\/\/analizsera.com\/index.php\/wp-json\/wp\/v2\/types\/page"}],"author":[{"embeddable":true,"href":"https:\/\/analizsera.com\/index.php\/wp-json\/wp\/v2\/users\/1"}],"replies":[{"embeddable":true,"href":"https:\/\/analizsera.com\/index.php\/wp-json\/wp\/v2\/comments?post=11"}],"version-history":[{"count":8,"href":"https:\/\/analizsera.com\/index.php\/wp-json\/wp\/v2\/pages\/11\/revisions"}],"predecessor-version":[{"id":598,"href":"https:\/\/analizsera.com\/index.php\/wp-json\/wp\/v2\/pages\/11\/revisions\/598"}],"wp:attachment":[{"href":"https:\/\/analizsera.com\/index.php\/wp-json\/wp\/v2\/media?parent=11"}],"curies":[{"name":"wp","href":"https:\/\/api.w.org\/{rel}","templated":true}]}}